{"id":152,"date":"2025-06-18T16:29:54","date_gmt":"2025-06-18T19:29:54","guid":{"rendered":"https:\/\/redemmaster.com.br\/painel\/?page_id=152"},"modified":"2025-06-19T17:54:19","modified_gmt":"2025-06-19T20:54:19","slug":"servicos","status":"publish","type":"page","link":"https:\/\/redemmaster.com.br\/painel\/servicos\/","title":{"rendered":"Servi\u00e7os"},"content":{"rendered":"\t\t<div data-elementor-type=\"wp-page\" data-elementor-id=\"152\" class=\"elementor elementor-152\" data-elementor-post-type=\"page\">\n\t\t\t\t<div class=\"elementor-element elementor-element-b4b232d e-con-full e-flex e-con e-parent\" data-id=\"b4b232d\" data-element_type=\"container\">\n\t\t<div class=\"elementor-element elementor-element-f6f5907 e-con-full animated-slow e-flex elementor-invisible e-con e-child\" data-id=\"f6f5907\" data-element_type=\"container\" data-settings=\"{&quot;background_background&quot;:&quot;classic&quot;,&quot;animation&quot;:&quot;fadeInUp&quot;}\">\n\t\t\t\t<div class=\"elementor-element elementor-element-e84ee3b elementor-widget__width-initial elementor-widget elementor-widget-gum_heading\" data-id=\"e84ee3b\" data-element_type=\"widget\" data-widget_type=\"gum_heading.default\">\n\t\t\t\t<div class=\"elementor-widget-container\">\n\t\t\t\t\t<div class=\"gum-widget-title\"><h1 class=\"section-main-title size-default\">Servi\u00e7os<\/h1><\/div>\t\t\t\t<\/div>\n\t\t\t\t<\/div>\n\t\t\t\t<div class=\"elementor-element elementor-element-03e2109 elementor-icon-list--layout-inline elementor-list-item-link-full_width elementor-widget elementor-widget-icon-list\" data-id=\"03e2109\" data-element_type=\"widget\" data-widget_type=\"icon-list.default\">\n\t\t\t\t<div class=\"elementor-widget-container\">\n\t\t\t\t\t\t\t<ul class=\"elementor-icon-list-items elementor-inline-items\">\n\t\t\t\t\t\t\t<li class=\"elementor-icon-list-item elementor-inline-item\">\n\t\t\t\t\t\t\t\t\t\t<span class=\"elementor-icon-list-text\">Home<\/span>\n\t\t\t\t\t\t\t\t\t<\/li>\n\t\t\t\t\t\t\t\t<li class=\"elementor-icon-list-item elementor-inline-item\">\n\t\t\t\t\t\t\t\t\t\t\t<span class=\"elementor-icon-list-icon\">\n\t\t\t\t\t\t\t<i aria-hidden=\"true\" class=\"icon icon-right-arrow1\"><\/i>\t\t\t\t\t\t<\/span>\n\t\t\t\t\t\t\t\t\t\t<span class=\"elementor-icon-list-text\">About<\/span>\n\t\t\t\t\t\t\t\t\t<\/li>\n\t\t\t\t\t\t<\/ul>\n\t\t\t\t\t\t<\/div>\n\t\t\t\t<\/div>\n\t\t\t\t<\/div>\n\t\t\t\t<\/div>\n\t\t<div class=\"elementor-element elementor-element-81bf8c0 e-flex e-con-boxed e-con e-parent\" data-id=\"81bf8c0\" data-element_type=\"container\" data-settings=\"{&quot;background_background&quot;:&quot;classic&quot;}\">\n\t\t\t\t\t<div class=\"e-con-inner\">\n\t\t<div class=\"elementor-element elementor-element-c8bcda8 e-con-full animated-slow e-flex elementor-invisible e-con e-child\" data-id=\"c8bcda8\" data-element_type=\"container\" data-settings=\"{&quot;animation&quot;:&quot;fadeInUp&quot;}\">\n\t\t<div class=\"elementor-element elementor-element-3fab154 e-con-full e-flex e-con e-child\" data-id=\"3fab154\" data-element_type=\"container\">\n\t\t\t\t<div class=\"elementor-element elementor-element-68c4a71 elementor-widget elementor-widget-heading\" data-id=\"68c4a71\" data-element_type=\"widget\" data-widget_type=\"heading.default\">\n\t\t\t\t<div class=\"elementor-widget-container\">\n\t\t\t\t\t<h2 class=\"elementor-heading-title elementor-size-default\">O que fazemos pela sua farm\u00e1cia\n<\/h2>\t\t\t\t<\/div>\n\t\t\t\t<\/div>\n\t\t\t\t<\/div>\n\t\t<div class=\"elementor-element elementor-element-5e10db1 e-con-full e-flex e-con e-child\" data-id=\"5e10db1\" data-element_type=\"container\">\n\t\t<div class=\"elementor-element elementor-element-9372108 e-con-full animated-slow e-flex elementor-invisible e-con e-child\" data-id=\"9372108\" data-element_type=\"container\" data-settings=\"{&quot;background_background&quot;:&quot;classic&quot;,&quot;animation&quot;:&quot;fadeInUp&quot;,&quot;animation_delay&quot;:200}\">\n\t\t\t\t<\/div>\n\t\t<div class=\"elementor-element elementor-element-81dd1fe e-con-full animated-slow e-flex elementor-invisible e-con e-child\" data-id=\"81dd1fe\" data-element_type=\"container\" data-settings=\"{&quot;animation&quot;:&quot;fadeInUp&quot;,&quot;animation_delay&quot;:200}\">\n\t\t<div class=\"elementor-element elementor-element-de2db62 e-con-full e-flex e-con e-child\" data-id=\"de2db62\" data-element_type=\"container\">\n\t\t\t\t<div class=\"elementor-element elementor-element-b2d8a19 elementor-widget elementor-widget-heading\" data-id=\"b2d8a19\" data-element_type=\"widget\" data-widget_type=\"heading.default\">\n\t\t\t\t<div class=\"elementor-widget-container\">\n\t\t\t\t\t<h2 class=\"elementor-heading-title elementor-size-default\">Aceleramos os processos e encurtamos dist\u00e2ncias entre as a\u00e7\u00f5es de marketing com o resultado em vendas<\/h2>\t\t\t\t<\/div>\n\t\t\t\t<\/div>\n\t\t\t\t<div class=\"elementor-element elementor-element-7cd3520 elementor-widget__width-initial elementor-widget elementor-widget-text-editor\" data-id=\"7cd3520\" data-element_type=\"widget\" data-widget_type=\"text-editor.default\">\n\t\t\t\t<div class=\"elementor-widget-container\">\n\t\t\t\t\t\t\t\t\t<p>Ligados com o <b>mercado farmac\u00eautico<\/b>, tecnologias e ferramentas reais, a nossa equipe \u00e9 preparada e consolidada pelas legisla\u00e7\u00f5es farmac\u00eauticas e boas pr\u00e1ticas.<br \/><br \/>Somo o seu departamento de marketing focados no que a farm\u00e1cia busca, desenvolvemos um planejamento estrat\u00e9gico de marketing exclusivo.<br \/><br \/>An\u00e1lise e transforma\u00e7\u00e3o de dados em informa\u00e7\u00e3o \u00fateis, que geram campanhas, insights, novas rotas e tomadas de decis\u00e3o.<\/p><p><br \/><br \/><br \/><\/p>\t\t\t\t\t\t\t\t<\/div>\n\t\t\t\t<\/div>\n\t\t\t\t<\/div>\n\t\t\t\t<\/div>\n\t\t\t\t<\/div>\n\t\t\t\t<\/div>\n\t\t\t\t\t<\/div>\n\t\t\t\t<\/div>\n\t\t<div class=\"elementor-element elementor-element-f9b068c e-flex e-con-boxed e-con e-parent\" data-id=\"f9b068c\" data-element_type=\"container\">\n\t\t\t\t\t<div class=\"e-con-inner\">\n\t\t\t\t\t<\/div>\n\t\t\t\t<\/div>\n\t\t\t\t<\/div>\n\t\t","protected":false},"excerpt":{"rendered":"<p>Servi\u00e7os Home About O que fazemos pela sua farm\u00e1cia Aceleramos os processos e encurtamos dist\u00e2ncias entre as a\u00e7\u00f5es de marketing com o resultado em vendas Ligados com o mercado farmac\u00eautico, tecnologias e ferramentas reais, a nossa equipe \u00e9 preparada e consolidada pelas legisla\u00e7\u00f5es farmac\u00eauticas e boas pr\u00e1ticas. Somo o seu departamento de marketing focados no [&hellip;]<\/p>\n","protected":false},"author":1,"featured_media":0,"parent":0,"menu_order":0,"comment_status":"closed","ping_status":"closed","template":"","meta":{"footnotes":""},"class_list":["post-152","page","type-page","status-publish","hentry"],"_links":{"self":[{"href":"https:\/\/redemmaster.com.br\/painel\/wp-json\/wp\/v2\/pages\/152","targetHints":{"allow":["GET"]}}],"collection":[{"href":"https:\/\/redemmaster.com.br\/painel\/wp-json\/wp\/v2\/pages"}],"about":[{"href":"https:\/\/redemmaster.com.br\/painel\/wp-json\/wp\/v2\/types\/page"}],"author":[{"embeddable":true,"href":"https:\/\/redemmaster.com.br\/painel\/wp-json\/wp\/v2\/users\/1"}],"replies":[{"embeddable":true,"href":"https:\/\/redemmaster.com.br\/painel\/wp-json\/wp\/v2\/comments?post=152"}],"version-history":[{"count":5,"href":"https:\/\/redemmaster.com.br\/painel\/wp-json\/wp\/v2\/pages\/152\/revisions"}],"predecessor-version":[{"id":466,"href":"https:\/\/redemmaster.com.br\/painel\/wp-json\/wp\/v2\/pages\/152\/revisions\/466"}],"wp:attachment":[{"href":"https:\/\/redemmaster.com.br\/painel\/wp-json\/wp\/v2\/media?parent=152"}],"curies":[{"name":"wp","href":"https:\/\/api.w.org\/{rel}","templated":true}]}}